{"id":1131,"date":"2025-03-21T18:16:00","date_gmt":"2025-03-21T18:16:00","guid":{"rendered":"https:\/\/www.h2osiivous.fi\/?page_id=1131"},"modified":"2025-07-14T14:18:46","modified_gmt":"2025-07-14T14:18:46","slug":"ajanvaraus","status":"publish","type":"page","link":"https:\/\/www.h2osiivous.fi\/index.php\/ajanvaraus\/","title":{"rendered":"Ajanvaraus"},"content":{"rendered":"\t\t<div data-elementor-type=\"wp-page\" data-elementor-id=\"1131\" class=\"elementor elementor-1131\">\n\t\t\t\t<div class=\"elementor-element elementor-element-26882f06 e-con-full e-flex wpr-particle-no wpr-jarallax-no wpr-parallax-no wpr-sticky-section-no wpr-equal-height-no e-con e-parent\" data-id=\"26882f06\" data-element_type=\"container\" data-e-type=\"container\" data-settings=\"{&quot;background_background&quot;:&quot;classic&quot;}\">\n\t\t\t\t<div class=\"elementor-element elementor-element-4a2aacfa elementor-widget elementor-widget-heading\" data-id=\"4a2aacfa\" data-element_type=\"widget\" data-e-type=\"widget\" data-widget_type=\"heading.default\">\n\t\t\t\t<div class=\"elementor-widget-container\">\n\t\t\t\t\t<h1 class=\"elementor-heading-title elementor-size-default\">Ajanvaraus<\/h1>\t\t\t\t<\/div>\n\t\t\t\t<\/div>\n\t\t\t\t<\/div>\n\t\t<div class=\"elementor-element elementor-element-615bc4b e-flex e-con-boxed wpr-particle-no wpr-jarallax-no wpr-parallax-no wpr-sticky-section-no wpr-equal-height-no e-con e-parent\" data-id=\"615bc4b\" data-element_type=\"container\" data-e-type=\"container\">\n\t\t\t\t\t<div class=\"e-con-inner\">\n\t\t\t\t<div class=\"elementor-element elementor-element-ee4cd66 elementor-widget elementor-widget-text-editor\" data-id=\"ee4cd66\" data-element_type=\"widget\" data-e-type=\"widget\" data-widget_type=\"text-editor.default\">\n\t\t\t\t<div class=\"elementor-widget-container\">\n\t\t\t\t\t\t\t\t\t<h3 class=\"fluentform-widget-title\" style=\"text-align: center;\">Varaa siivous helposti\u200b<\/h3><p class=\"fluentform-widget-description\" style=\"text-align: center;\">T\u00e4yt\u00e4 alla oleva lomake ja valitse sinulle sopiva siivouspalvelu, ajankohta ja erityistoiveet. Tiimimme huolehtii kodistasi ammattitaidolla ja luotettavasti. Varmista puhdas koti jo t\u00e4n\u00e4\u00e4n \u2013 varaa aikasi nyt!<\/p>\t\t\t\t\t\t\t\t<\/div>\n\t\t\t\t<\/div>\n\t\t\t\t\t<\/div>\n\t\t\t\t<\/div>\n\t\t<div class=\"elementor-element elementor-element-c693beb e-flex e-con-boxed wpr-particle-no wpr-jarallax-no wpr-parallax-no wpr-sticky-section-no wpr-equal-height-no e-con e-parent\" data-id=\"c693beb\" data-element_type=\"container\" data-e-type=\"container\">\n\t\t\t\t\t<div class=\"e-con-inner\">\n\t\t\t\t<div class=\"elementor-element elementor-element-06a8860 elementor-widget elementor-widget-html\" data-id=\"06a8860\" data-element_type=\"widget\" data-e-type=\"widget\" data-widget_type=\"html.default\">\n\t\t\t\t<div class=\"elementor-widget-container\">\n\t\t\t\t\t\n<div class=\"wpcf7 no-js\" id=\"wpcf7-f1190-o1\" lang=\"fi\" dir=\"ltr\" data-wpcf7-id=\"1190\">\n<div class=\"screen-reader-response\"><p role=\"status\" aria-live=\"polite\" aria-atomic=\"true\"><\/p> <ul><\/ul><\/div>\n<form action=\"\/index.php\/wp-json\/wp\/v2\/pages\/1131#wpcf7-f1190-o1\" method=\"post\" class=\"wpcf7-form init\" aria-label=\"Yhteydenottolomake\" novalidate=\"novalidate\" data-status=\"init\">\n<fieldset class=\"hidden-fields-container\"><input type=\"hidden\" name=\"_wpcf7\" value=\"1190\" \/><input type=\"hidden\" name=\"_wpcf7_version\" value=\"6.1.5\" \/><input type=\"hidden\" name=\"_wpcf7_locale\" value=\"fi\" \/><input type=\"hidden\" name=\"_wpcf7_unit_tag\" value=\"wpcf7-f1190-o1\" \/><input type=\"hidden\" name=\"_wpcf7_container_post\" value=\"0\" \/><input type=\"hidden\" name=\"_wpcf7_posted_data_hash\" value=\"\" \/>\n<\/fieldset>\n<h5>Siivoustyyppi\n<\/h5>\n<p><label> Valitse siivoustyyppi<br \/>\n<span class=\"wpcf7-form-control-wrap\" data-name=\"radio-806\"><span class=\"wpcf7-form-control wpcf7-radio\"><span class=\"wpcf7-list-item first\"><label><input type=\"radio\" name=\"radio-806\" value=\"Yleinen siivous\" \/><span class=\"wpcf7-list-item-label\">Yleinen siivous<\/span><\/label><\/span><span class=\"wpcf7-list-item\"><label><input type=\"radio\" name=\"radio-806\" value=\"Toimistosiivous\" \/><span class=\"wpcf7-list-item-label\">Toimistosiivous<\/span><\/label><\/span><span class=\"wpcf7-list-item\"><label><input type=\"radio\" name=\"radio-806\" value=\"Muu\" \/><span class=\"wpcf7-list-item-label\">Muu<\/span><\/label><\/span><span class=\"wpcf7-list-item\"><label><input type=\"radio\" name=\"radio-806\" value=\"Muuttosiivous\" \/><span class=\"wpcf7-list-item-label\">Muuttosiivous<\/span><\/label><\/span><span class=\"wpcf7-list-item last\"><label><input type=\"radio\" name=\"radio-806\" value=\"Ikkunoiden pesu\" \/><span class=\"wpcf7-list-item-label\">Ikkunoiden pesu<\/span><\/label><\/span><\/span><\/span> <\/label>\n<\/p>\n<h5>Henkil\u00f6tiedot\n<\/h5>\n<p><label> Nimesi<br \/>\n<span class=\"wpcf7-form-control-wrap\" data-name=\"your-name\"><input size=\"40\" maxlength=\"400\" class=\"wpcf7-form-control wpcf7-text wpcf7-validates-as-required\" autocomplete=\"name\" aria-required=\"true\" aria-invalid=\"false\" value=\"\" type=\"text\" name=\"your-name\" \/><\/span> <\/label>\n<\/p>\n<p><label> S\u00e4hk\u00f6postiosoitteesi<br \/>\n<span class=\"wpcf7-form-control-wrap\" data-name=\"your-email\"><input size=\"40\" maxlength=\"400\" class=\"wpcf7-form-control wpcf7-email wpcf7-validates-as-required wpcf7-text wpcf7-validates-as-email\" autocomplete=\"email\" aria-required=\"true\" aria-invalid=\"false\" value=\"\" type=\"email\" name=\"your-email\" \/><\/span> <\/label>\n<\/p>\n<p><label> Puhelinnumero<br \/>\n<span class=\"wpcf7-form-control-wrap\" data-name=\"tel-358\"><input size=\"40\" maxlength=\"400\" class=\"wpcf7-form-control wpcf7-tel wpcf7-validates-as-required wpcf7-text wpcf7-validates-as-tel\" autocomplete=\"phone\" aria-required=\"true\" aria-invalid=\"false\" value=\"\" type=\"tel\" name=\"tel-358\" \/><\/span><\/label>\n<\/p>\n<h5>Osoite\n<\/h5>\n<p><label> Katuosoite<br \/>\n<span class=\"wpcf7-form-control-wrap\" data-name=\"text-371\"><input size=\"40\" maxlength=\"400\" class=\"wpcf7-form-control wpcf7-text\" aria-invalid=\"false\" value=\"\" type=\"text\" name=\"text-371\" \/><\/span> <\/label>\n<\/p>\n<p><label> Asunto<br \/>\n<span class=\"wpcf7-form-control-wrap\" data-name=\"text-372\"><input size=\"40\" maxlength=\"400\" class=\"wpcf7-form-control wpcf7-text\" aria-invalid=\"false\" value=\"\" type=\"text\" name=\"text-372\" \/><\/span> <\/label>\n<\/p>\n<p><label> Kaupunki<br \/>\n<span class=\"wpcf7-form-control-wrap\" data-name=\"text-373\"><input size=\"40\" maxlength=\"400\" class=\"wpcf7-form-control wpcf7-text\" aria-invalid=\"false\" value=\"\" type=\"text\" name=\"text-373\" \/><\/span> <\/label>\n<\/p>\n<p><label> Postinumero<br \/>\n<span class=\"wpcf7-form-control-wrap\" data-name=\"text-374\"><input size=\"40\" maxlength=\"400\" class=\"wpcf7-form-control wpcf7-text\" aria-invalid=\"false\" value=\"\" type=\"text\" name=\"text-374\" \/><\/span> <\/label>\n<\/p>\n<h5>Aika ja siivous kohteet\n<\/h5>\n<p><label> Toivottu siivousp\u00e4iv\u00e4 ja -aika<br \/>\n<span class=\"wpcf7-form-control-wrap\" data-name=\"date-452\"><input class=\"wpcf7-form-control wpcf7-date wpcf7-validates-as-date\" aria-invalid=\"false\" value=\"\" type=\"date\" name=\"date-452\" \/><\/span> <\/label>\n<\/p>\n<p><label> Pinta ala<br \/>\n<span class=\"wpcf7-form-control-wrap\" data-name=\"radio-852\"><span class=\"wpcf7-form-control wpcf7-radio\"><span class=\"wpcf7-list-item first\"><label><input type=\"radio\" name=\"radio-852\" value=\"&lt; 50 m2\" \/><span class=\"wpcf7-list-item-label\">&lt; 50 m2<\/span><\/label><\/span><span class=\"wpcf7-list-item\"><label><input type=\"radio\" name=\"radio-852\" value=\"50m2 - 80m2\" \/><span class=\"wpcf7-list-item-label\">50m2 - 80m2<\/span><\/label><\/span><span class=\"wpcf7-list-item\"><label><input type=\"radio\" name=\"radio-852\" value=\"81m2 - 140m2\" \/><span class=\"wpcf7-list-item-label\">81m2 - 140m2<\/span><\/label><\/span><span class=\"wpcf7-list-item last\"><label><input type=\"radio\" name=\"radio-852\" value=\"&gt; 140m2\" \/><span class=\"wpcf7-list-item-label\">&gt; 140m2<\/span><\/label><\/span><\/span><\/span> <\/label>\n<\/p>\n<p><label> Lis\u00e4tiedot <span class=\"wpcf7-form-control-wrap\" data-name=\"textarea-354\"><textarea cols=\"40\" rows=\"10\" maxlength=\"2000\" class=\"wpcf7-form-control wpcf7-textarea\" aria-invalid=\"false\" name=\"textarea-354\"><\/textarea><\/span> <\/label>\n<\/p>\n<p><span class=\"wpcf7-form-control-wrap\" data-name=\"acceptance-818\"><span class=\"wpcf7-form-control wpcf7-acceptance optional\"><span class=\"wpcf7-list-item\"><label><input type=\"checkbox\" name=\"acceptance-818\" value=\"1\" aria-invalid=\"false\" \/><span class=\"wpcf7-list-item-label\">Annan suostumukseni tarjousten ja kampanjoiden vastaanottamiseen<\/span><\/label><\/span><\/span><\/span>\n<\/p>\n<p><span style=\"font-size:14px\">L\u00e4hett\u00e4m\u00e4ll\u00e4 lomakkeen hyv\u00e4ksyt henkil\u00f6tietojesi k\u00e4sittelyn <a href=\"https:\/\/www.h2osiivous.fi\/index.php\/privacy-policy\/\">tietosuojaselosteen<\/a> mukaisesti. Tietoja k\u00e4ytet\u00e4\u00e4n vain yhteydenottoon ja palveluun liittyviin asioihin.<\/span>\n<\/p>\n<p><input class=\"wpcf7-form-control wpcf7-submit has-spinner\" type=\"submit\" value=\"Varaa\" \/>\n<\/p><div class=\"wpcf7-response-output\" aria-hidden=\"true\"><\/div>\n<\/form>\n<\/div>\n\t\t\t\t<\/div>\n\t\t\t\t<\/div>\n\t\t\t\t\t<\/div>\n\t\t\t\t<\/div>\n\t\t\t\t<\/div>\n\t\t","protected":false},"excerpt":{"rendered":"<p>Ajanvaraus Varaa siivous helposti\u200b T\u00e4yt\u00e4 alla oleva lomake ja valitse sinulle sopiva siivouspalvelu, ajankohta ja erityistoiveet. Tiimimme huolehtii kodistasi ammattitaidolla ja luotettavasti. Varmista puhdas koti jo t\u00e4n\u00e4\u00e4n \u2013 varaa aikasi nyt!<\/p>\n","protected":false},"author":1,"featured_media":0,"parent":0,"menu_order":0,"comment_status":"closed","ping_status":"closed","template":"","meta":{"footnotes":""},"class_list":["post-1131","page","type-page","status-publish","hentry","post"],"_links":{"self":[{"href":"https:\/\/www.h2osiivous.fi\/index.php\/wp-json\/wp\/v2\/pages\/1131","targetHints":{"allow":["GET"]}}],"collection":[{"href":"https:\/\/www.h2osiivous.fi\/index.php\/wp-json\/wp\/v2\/pages"}],"about":[{"href":"https:\/\/www.h2osiivous.fi\/index.php\/wp-json\/wp\/v2\/types\/page"}],"author":[{"embeddable":true,"href":"https:\/\/www.h2osiivous.fi\/index.php\/wp-json\/wp\/v2\/users\/1"}],"replies":[{"embeddable":true,"href":"https:\/\/www.h2osiivous.fi\/index.php\/wp-json\/wp\/v2\/comments?post=1131"}],"version-history":[{"count":25,"href":"https:\/\/www.h2osiivous.fi\/index.php\/wp-json\/wp\/v2\/pages\/1131\/revisions"}],"predecessor-version":[{"id":1200,"href":"https:\/\/www.h2osiivous.fi\/index.php\/wp-json\/wp\/v2\/pages\/1131\/revisions\/1200"}],"wp:attachment":[{"href":"https:\/\/www.h2osiivous.fi\/index.php\/wp-json\/wp\/v2\/media?parent=1131"}],"curies":[{"name":"wp","href":"https:\/\/api.w.org\/{rel}","templated":true}]}}